{"id":132605,"date":"2025-04-25T16:09:49","date_gmt":"2025-04-25T14:09:49","guid":{"rendered":"https:\/\/glamsantcugat.com\/producte\/diamond-luminous-de-natura-bisse\/"},"modified":"2025-04-25T16:59:59","modified_gmt":"2025-04-25T14:59:59","slug":"diamond-luminous-de-natura-bisse","status":"publish","type":"product","link":"https:\/\/glamsantcugat.com\/es\/producte\/diamond-luminous-de-natura-bisse\/","title":{"rendered":"Diamond Luminous de Natura Biss\u00e9"},"content":{"rendered":"","protected":false},"excerpt":{"rendered":"<p>Exclusivo tratamiento facial, espec\u00edficamente dise\u00f1ado para minimizar las manchas oscuras, igualar el tono y reducir los signos de la edad. La soluci\u00f3n perfecta para difuminar la hiperpigmentaci\u00f3n y revelar una piel m\u00e1s uniforme, rejuvenecida y luminosa. Ideal para piel con manchas, pigmentaci\u00f3n irregular o falta de luminosidad. Durante este tratamiento disfrutar\u00e1s de los activos iluminadores de la colecci\u00f3n junto con t\u00e9cnicas exclusivas como el SHIATSU EQUILIBRANTE, acompa\u00f1ado de nuestra M\u00c1SCARA LED. Esta experiencia \u00fanica combina las f\u00f3rmulas m\u00e1s efectivas con las texturas y aromas m\u00e1s exquisitos para un cuidado cuerpo y mente.<\/p>\n","protected":false},"featured_media":130688,"comment_status":"closed","ping_status":"closed","template":"","meta":[],"product_brand":[],"product_cat":[169],"product_tag":[],"class_list":{"0":"post-132605","1":"product","2":"type-product","3":"status-publish","4":"has-post-thumbnail","6":"product_cat-tratamiento-facial","8":"first","9":"instock","10":"downloadable","11":"virtual","12":"purchasable","13":"product-type-simple"},"yoast_head":"<!-- This site is optimized with the Yoast SEO plugin v26.7 - https:\/\/yoast.com\/wordpress\/plugins\/seo\/ -->\n<title>Diamond Luminous de Natura Biss\u00e9 | Glam Beauty Studio<\/title>\n<meta name=\"robots\" content=\"index, follow, max-snippet:-1, max-image-preview:large, max-video-preview:-1\" \/>\n<link rel=\"canonical\" href=\"https:\/\/glamsantcugat.com\/es\/producte\/diamond-luminous-de-natura-bisse\/\" \/>\n<meta property=\"og:locale\" content=\"es_ES\" \/>\n<meta property=\"og:type\" content=\"article\" \/>\n<meta property=\"og:title\" content=\"Diamond Luminous de Natura Biss\u00e9 | Glam Beauty Studio\" \/>\n<meta property=\"og:description\" content=\"Exclusivo tratamiento facial, espec\u00edficamente dise\u00f1ado para minimizar las manchas oscuras, igualar el tono y reducir los signos de la edad. La soluci\u00f3n perfecta para difuminar la hiperpigmentaci\u00f3n y revelar una piel m\u00e1s uniforme, rejuvenecida y luminosa. Ideal para piel con manchas, pigmentaci\u00f3n irregular o falta de luminosidad. Durante este tratamiento disfrutar\u00e1s de los activos iluminadores de la colecci\u00f3n junto con t\u00e9cnicas exclusivas como el SHIATSU EQUILIBRANTE, acompa\u00f1ado de nuestra M\u00c1SCARA LED. Esta experiencia \u00fanica combina las f\u00f3rmulas m\u00e1s efectivas con las texturas y aromas m\u00e1s exquisitos para un cuidado cuerpo y mente.\" \/>\n<meta property=\"og:url\" content=\"https:\/\/glamsantcugat.com\/es\/producte\/diamond-luminous-de-natura-bisse\/\" \/>\n<meta property=\"og:site_name\" content=\"Glam Beauty Studio\" \/>\n<meta property=\"article:modified_time\" content=\"2025-04-25T14:59:59+00:00\" \/>\n<meta property=\"og:image\" content=\"https:\/\/glamsantcugat.com\/wp-content\/uploads\/2024\/02\/glam-beauty-studio-sant-cugat-tratamientos-diamond-shock.jpg\" \/>\n\t<meta property=\"og:image:width\" content=\"481\" \/>\n\t<meta property=\"og:image:height\" content=\"600\" \/>\n\t<meta property=\"og:image:type\" content=\"image\/jpeg\" \/>\n<meta name=\"twitter:card\" content=\"summary_large_image\" \/>\n<script type=\"application\/ld+json\" class=\"yoast-schema-graph\">{\"@context\":\"https:\/\/schema.org\",\"@graph\":[{\"@type\":\"WebPage\",\"@id\":\"https:\/\/glamsantcugat.com\/es\/producte\/diamond-luminous-de-natura-bisse\/\",\"url\":\"https:\/\/glamsantcugat.com\/es\/producte\/diamond-luminous-de-natura-bisse\/\",\"name\":\"Diamond Luminous de Natura Biss\u00e9 | Glam Beauty Studio\",\"isPartOf\":{\"@id\":\"https:\/\/glamsantcugat.com\/es\/#website\"},\"primaryImageOfPage\":{\"@id\":\"https:\/\/glamsantcugat.com\/es\/producte\/diamond-luminous-de-natura-bisse\/#primaryimage\"},\"image\":{\"@id\":\"https:\/\/glamsantcugat.com\/es\/producte\/diamond-luminous-de-natura-bisse\/#primaryimage\"},\"thumbnailUrl\":\"https:\/\/glamsantcugat.com\/wp-content\/uploads\/2024\/02\/glam-beauty-studio-sant-cugat-tratamientos-diamond-shock.jpg\",\"datePublished\":\"2025-04-25T14:09:49+00:00\",\"dateModified\":\"2025-04-25T14:59:59+00:00\",\"breadcrumb\":{\"@id\":\"https:\/\/glamsantcugat.com\/es\/producte\/diamond-luminous-de-natura-bisse\/#breadcrumb\"},\"inLanguage\":\"es\",\"potentialAction\":[{\"@type\":\"ReadAction\",\"target\":[\"https:\/\/glamsantcugat.com\/es\/producte\/diamond-luminous-de-natura-bisse\/\"]}]},{\"@type\":\"ImageObject\",\"inLanguage\":\"es\",\"@id\":\"https:\/\/glamsantcugat.com\/es\/producte\/diamond-luminous-de-natura-bisse\/#primaryimage\",\"url\":\"https:\/\/glamsantcugat.com\/wp-content\/uploads\/2024\/02\/glam-beauty-studio-sant-cugat-tratamientos-diamond-shock.jpg\",\"contentUrl\":\"https:\/\/glamsantcugat.com\/wp-content\/uploads\/2024\/02\/glam-beauty-studio-sant-cugat-tratamientos-diamond-shock.jpg\",\"width\":481,\"height\":600},{\"@type\":\"BreadcrumbList\",\"@id\":\"https:\/\/glamsantcugat.com\/es\/producte\/diamond-luminous-de-natura-bisse\/#breadcrumb\",\"itemListElement\":[{\"@type\":\"ListItem\",\"position\":1,\"name\":\"Portada\",\"item\":\"https:\/\/glamsantcugat.com\/es\/\"},{\"@type\":\"ListItem\",\"position\":2,\"name\":\"Botiga\",\"item\":\"https:\/\/glamsantcugat.com\/botiga\/\"},{\"@type\":\"ListItem\",\"position\":3,\"name\":\"Diamond Luminous de Natura Biss\u00e9\"}]},{\"@type\":\"WebSite\",\"@id\":\"https:\/\/glamsantcugat.com\/es\/#website\",\"url\":\"https:\/\/glamsantcugat.com\/es\/\",\"name\":\"Glam Beauty Studio\",\"description\":\"Centro de est\u00e9tica en Sant Cugat!\",\"publisher\":{\"@id\":\"https:\/\/glamsantcugat.com\/es\/#organization\"},\"alternateName\":\"Centro de est\u00e9tica en Sant Cugat\",\"potentialAction\":[{\"@type\":\"SearchAction\",\"target\":{\"@type\":\"EntryPoint\",\"urlTemplate\":\"https:\/\/glamsantcugat.com\/es\/?s={search_term_string}\"},\"query-input\":{\"@type\":\"PropertyValueSpecification\",\"valueRequired\":true,\"valueName\":\"search_term_string\"}}],\"inLanguage\":\"es\"},{\"@type\":\"Organization\",\"@id\":\"https:\/\/glamsantcugat.com\/es\/#organization\",\"name\":\"Glam Beauty Studio\",\"alternateName\":\"Glam Sant Cugat\",\"url\":\"https:\/\/glamsantcugat.com\/es\/\",\"logo\":{\"@type\":\"ImageObject\",\"inLanguage\":\"es\",\"@id\":\"https:\/\/glamsantcugat.com\/es\/#\/schema\/logo\/image\/\",\"url\":\"https:\/\/glamsantcugat.com\/wp-content\/uploads\/2024\/02\/logo-glam-beauty-studio-sant-cugat-light.svg\",\"contentUrl\":\"https:\/\/glamsantcugat.com\/wp-content\/uploads\/2024\/02\/logo-glam-beauty-studio-sant-cugat-light.svg\",\"width\":1,\"height\":1,\"caption\":\"Glam Beauty Studio\"},\"image\":{\"@id\":\"https:\/\/glamsantcugat.com\/es\/#\/schema\/logo\/image\/\"},\"sameAs\":[\"https:\/\/www.instagram.com\/glamsantcugat\/\"]}]}<\/script>\n<!-- \/ Yoast SEO plugin. -->","yoast_head_json":{"title":"Diamond Luminous de Natura Biss\u00e9 | Glam Beauty Studio","robots":{"index":"index","follow":"follow","max-snippet":"max-snippet:-1","max-image-preview":"max-image-preview:large","max-video-preview":"max-video-preview:-1"},"canonical":"https:\/\/glamsantcugat.com\/es\/producte\/diamond-luminous-de-natura-bisse\/","og_locale":"es_ES","og_type":"article","og_title":"Diamond Luminous de Natura Biss\u00e9 | Glam Beauty Studio","og_description":"Exclusivo tratamiento facial, espec\u00edficamente dise\u00f1ado para minimizar las manchas oscuras, igualar el tono y reducir los signos de la edad. La soluci\u00f3n perfecta para difuminar la hiperpigmentaci\u00f3n y revelar una piel m\u00e1s uniforme, rejuvenecida y luminosa. Ideal para piel con manchas, pigmentaci\u00f3n irregular o falta de luminosidad. Durante este tratamiento disfrutar\u00e1s de los activos iluminadores de la colecci\u00f3n junto con t\u00e9cnicas exclusivas como el SHIATSU EQUILIBRANTE, acompa\u00f1ado de nuestra M\u00c1SCARA LED. Esta experiencia \u00fanica combina las f\u00f3rmulas m\u00e1s efectivas con las texturas y aromas m\u00e1s exquisitos para un cuidado cuerpo y mente.","og_url":"https:\/\/glamsantcugat.com\/es\/producte\/diamond-luminous-de-natura-bisse\/","og_site_name":"Glam Beauty Studio","article_modified_time":"2025-04-25T14:59:59+00:00","og_image":[{"width":481,"height":600,"url":"https:\/\/glamsantcugat.com\/wp-content\/uploads\/2024\/02\/glam-beauty-studio-sant-cugat-tratamientos-diamond-shock.jpg","type":"image\/jpeg"}],"twitter_card":"summary_large_image","schema":{"@context":"https:\/\/schema.org","@graph":[{"@type":"WebPage","@id":"https:\/\/glamsantcugat.com\/es\/producte\/diamond-luminous-de-natura-bisse\/","url":"https:\/\/glamsantcugat.com\/es\/producte\/diamond-luminous-de-natura-bisse\/","name":"Diamond Luminous de Natura Biss\u00e9 | Glam Beauty Studio","isPartOf":{"@id":"https:\/\/glamsantcugat.com\/es\/#website"},"primaryImageOfPage":{"@id":"https:\/\/glamsantcugat.com\/es\/producte\/diamond-luminous-de-natura-bisse\/#primaryimage"},"image":{"@id":"https:\/\/glamsantcugat.com\/es\/producte\/diamond-luminous-de-natura-bisse\/#primaryimage"},"thumbnailUrl":"https:\/\/glamsantcugat.com\/wp-content\/uploads\/2024\/02\/glam-beauty-studio-sant-cugat-tratamientos-diamond-shock.jpg","datePublished":"2025-04-25T14:09:49+00:00","dateModified":"2025-04-25T14:59:59+00:00","breadcrumb":{"@id":"https:\/\/glamsantcugat.com\/es\/producte\/diamond-luminous-de-natura-bisse\/#breadcrumb"},"inLanguage":"es","potentialAction":[{"@type":"ReadAction","target":["https:\/\/glamsantcugat.com\/es\/producte\/diamond-luminous-de-natura-bisse\/"]}]},{"@type":"ImageObject","inLanguage":"es","@id":"https:\/\/glamsantcugat.com\/es\/producte\/diamond-luminous-de-natura-bisse\/#primaryimage","url":"https:\/\/glamsantcugat.com\/wp-content\/uploads\/2024\/02\/glam-beauty-studio-sant-cugat-tratamientos-diamond-shock.jpg","contentUrl":"https:\/\/glamsantcugat.com\/wp-content\/uploads\/2024\/02\/glam-beauty-studio-sant-cugat-tratamientos-diamond-shock.jpg","width":481,"height":600},{"@type":"BreadcrumbList","@id":"https:\/\/glamsantcugat.com\/es\/producte\/diamond-luminous-de-natura-bisse\/#breadcrumb","itemListElement":[{"@type":"ListItem","position":1,"name":"Portada","item":"https:\/\/glamsantcugat.com\/es\/"},{"@type":"ListItem","position":2,"name":"Botiga","item":"https:\/\/glamsantcugat.com\/botiga\/"},{"@type":"ListItem","position":3,"name":"Diamond Luminous de Natura Biss\u00e9"}]},{"@type":"WebSite","@id":"https:\/\/glamsantcugat.com\/es\/#website","url":"https:\/\/glamsantcugat.com\/es\/","name":"Glam Beauty Studio","description":"Centro de est\u00e9tica en Sant Cugat!","publisher":{"@id":"https:\/\/glamsantcugat.com\/es\/#organization"},"alternateName":"Centro de est\u00e9tica en Sant Cugat","potentialAction":[{"@type":"SearchAction","target":{"@type":"EntryPoint","urlTemplate":"https:\/\/glamsantcugat.com\/es\/?s={search_term_string}"},"query-input":{"@type":"PropertyValueSpecification","valueRequired":true,"valueName":"search_term_string"}}],"inLanguage":"es"},{"@type":"Organization","@id":"https:\/\/glamsantcugat.com\/es\/#organization","name":"Glam Beauty Studio","alternateName":"Glam Sant Cugat","url":"https:\/\/glamsantcugat.com\/es\/","logo":{"@type":"ImageObject","inLanguage":"es","@id":"https:\/\/glamsantcugat.com\/es\/#\/schema\/logo\/image\/","url":"https:\/\/glamsantcugat.com\/wp-content\/uploads\/2024\/02\/logo-glam-beauty-studio-sant-cugat-light.svg","contentUrl":"https:\/\/glamsantcugat.com\/wp-content\/uploads\/2024\/02\/logo-glam-beauty-studio-sant-cugat-light.svg","width":1,"height":1,"caption":"Glam Beauty Studio"},"image":{"@id":"https:\/\/glamsantcugat.com\/es\/#\/schema\/logo\/image\/"},"sameAs":["https:\/\/www.instagram.com\/glamsantcugat\/"]}]}},"_links":{"self":[{"href":"https:\/\/glamsantcugat.com\/es\/wp-json\/wp\/v2\/product\/132605","targetHints":{"allow":["GET"]}}],"collection":[{"href":"https:\/\/glamsantcugat.com\/es\/wp-json\/wp\/v2\/product"}],"about":[{"href":"https:\/\/glamsantcugat.com\/es\/wp-json\/wp\/v2\/types\/product"}],"replies":[{"embeddable":true,"href":"https:\/\/glamsantcugat.com\/es\/wp-json\/wp\/v2\/comments?post=132605"}],"wp:featuredmedia":[{"embeddable":true,"href":"https:\/\/glamsantcugat.com\/es\/wp-json\/wp\/v2\/media\/130688"}],"wp:attachment":[{"href":"https:\/\/glamsantcugat.com\/es\/wp-json\/wp\/v2\/media?parent=132605"}],"wp:term":[{"taxonomy":"product_brand","embeddable":true,"href":"https:\/\/glamsantcugat.com\/es\/wp-json\/wp\/v2\/product_brand?post=132605"},{"taxonomy":"product_cat","embeddable":true,"href":"https:\/\/glamsantcugat.com\/es\/wp-json\/wp\/v2\/product_cat?post=132605"},{"taxonomy":"product_tag","embeddable":true,"href":"https:\/\/glamsantcugat.com\/es\/wp-json\/wp\/v2\/product_tag?post=132605"}],"curies":[{"name":"wp","href":"https:\/\/api.w.org\/{rel}","templated":true}]}}