{"id":132562,"date":"2025-04-25T16:09:23","date_gmt":"2025-04-25T14:09:23","guid":{"rendered":"https:\/\/glamsantcugat.com\/producte\/vacuslim\/"},"modified":"2025-04-25T16:59:33","modified_gmt":"2025-04-25T14:59:33","slug":"vacuslim","status":"publish","type":"product","link":"https:\/\/glamsantcugat.com\/es\/producte\/vacuslim\/","title":{"rendered":"Vacuslim 48"},"content":{"rendered":"","protected":false},"excerpt":{"rendered":"<p>El Tratamiento Corporal Vacuslim 48 es una t\u00e9cnica avanzada no invasiva que combina productos reductores con terapia al vac\u00edo para lograr una notable reducci\u00f3n de medidas, combatir la celulitis y mejorar la firmeza de la piel desde la primera sesi\u00f3n. A trav\u00e9s de la succi\u00f3n controlada, el tratamiento activa el metabolismo celular, promoviendo la quema de grasa localizada, el drenaje linf\u00e1tico y la eliminaci\u00f3n de toxinas. Adem\u00e1s de reducir cent\u00edmetros, mejora la textura de la piel, alisando y tonific\u00e1ndola gracias a la estimulaci\u00f3n de col\u00e1geno y elastina. Beneficios del Vacuslim 48: Reducci\u00f3n inmediata de medidas y celulitis. Mejora la circulaci\u00f3n y facilita el drenaje linf\u00e1tico. Piel m\u00e1s firme, tonificada y con mejor elasticidad. Resultados visibles desde la primera sesi\u00f3n. Este tratamiento es ideal para quienes buscan una soluci\u00f3n r\u00e1pida y efectiva para moldear el cuerpo, mejorar la apariencia de la piel y lograr un aspecto m\u00e1s firme y rejuvenecido sin recurrir a m\u00e9todos invasivos.<\/p>\n","protected":false},"featured_media":131981,"comment_status":"closed","ping_status":"open","template":"","meta":[],"product_brand":[],"product_cat":[172],"product_tag":[],"class_list":{"0":"post-132562","1":"product","2":"type-product","3":"status-publish","4":"has-post-thumbnail","6":"product_cat-tratamiento-corporal","8":"first","9":"instock","10":"downloadable","11":"virtual","12":"purchasable","13":"product-type-simple"},"yoast_head":"<!-- This site is optimized with the Yoast SEO plugin v26.7 - https:\/\/yoast.com\/wordpress\/plugins\/seo\/ -->\n<title>Vacuslim 48 | Glam Beauty Studio<\/title>\n<meta name=\"robots\" content=\"index, follow, max-snippet:-1, max-image-preview:large, max-video-preview:-1\" \/>\n<link rel=\"canonical\" href=\"https:\/\/glamsantcugat.com\/es\/producte\/vacuslim\/\" \/>\n<meta property=\"og:locale\" content=\"es_ES\" \/>\n<meta property=\"og:type\" content=\"article\" \/>\n<meta property=\"og:title\" content=\"Vacuslim 48 | Glam Beauty Studio\" \/>\n<meta property=\"og:description\" content=\"El Tratamiento Corporal Vacuslim 48 es una t\u00e9cnica avanzada no invasiva que combina productos reductores con terapia al vac\u00edo para lograr una notable reducci\u00f3n de medidas, combatir la celulitis y mejorar la firmeza de la piel desde la primera sesi\u00f3n. A trav\u00e9s de la succi\u00f3n controlada, el tratamiento activa el metabolismo celular, promoviendo la quema de grasa localizada, el drenaje linf\u00e1tico y la eliminaci\u00f3n de toxinas. Adem\u00e1s de reducir cent\u00edmetros, mejora la textura de la piel, alisando y tonific\u00e1ndola gracias a la estimulaci\u00f3n de col\u00e1geno y elastina. Beneficios del Vacuslim 48: Reducci\u00f3n inmediata de medidas y celulitis. Mejora la circulaci\u00f3n y facilita el drenaje linf\u00e1tico. Piel m\u00e1s firme, tonificada y con mejor elasticidad. Resultados visibles desde la primera sesi\u00f3n. Este tratamiento es ideal para quienes buscan una soluci\u00f3n r\u00e1pida y efectiva para moldear el cuerpo, mejorar la apariencia de la piel y lograr un aspecto m\u00e1s firme y rejuvenecido sin recurrir a m\u00e9todos invasivos.\" \/>\n<meta property=\"og:url\" content=\"https:\/\/glamsantcugat.com\/es\/producte\/vacuslim\/\" \/>\n<meta property=\"og:site_name\" content=\"Glam Beauty Studio\" \/>\n<meta property=\"article:modified_time\" content=\"2025-04-25T14:59:33+00:00\" \/>\n<meta property=\"og:image\" content=\"https:\/\/glamsantcugat.com\/wp-content\/uploads\/2024\/10\/AbdomenN4d-818x1024-1.jpg\" \/>\n\t<meta property=\"og:image:width\" content=\"818\" \/>\n\t<meta property=\"og:image:height\" content=\"1024\" \/>\n\t<meta property=\"og:image:type\" content=\"image\/jpeg\" \/>\n<meta name=\"twitter:card\" content=\"summary_large_image\" \/>\n<script type=\"application\/ld+json\" class=\"yoast-schema-graph\">{\"@context\":\"https:\/\/schema.org\",\"@graph\":[{\"@type\":\"WebPage\",\"@id\":\"https:\/\/glamsantcugat.com\/es\/producte\/vacuslim\/\",\"url\":\"https:\/\/glamsantcugat.com\/es\/producte\/vacuslim\/\",\"name\":\"Vacuslim 48 | Glam Beauty Studio\",\"isPartOf\":{\"@id\":\"https:\/\/glamsantcugat.com\/es\/#website\"},\"primaryImageOfPage\":{\"@id\":\"https:\/\/glamsantcugat.com\/es\/producte\/vacuslim\/#primaryimage\"},\"image\":{\"@id\":\"https:\/\/glamsantcugat.com\/es\/producte\/vacuslim\/#primaryimage\"},\"thumbnailUrl\":\"https:\/\/glamsantcugat.com\/wp-content\/uploads\/2024\/10\/AbdomenN4d-818x1024-1.jpg\",\"datePublished\":\"2025-04-25T14:09:23+00:00\",\"dateModified\":\"2025-04-25T14:59:33+00:00\",\"breadcrumb\":{\"@id\":\"https:\/\/glamsantcugat.com\/es\/producte\/vacuslim\/#breadcrumb\"},\"inLanguage\":\"es\",\"potentialAction\":[{\"@type\":\"ReadAction\",\"target\":[\"https:\/\/glamsantcugat.com\/es\/producte\/vacuslim\/\"]}]},{\"@type\":\"ImageObject\",\"inLanguage\":\"es\",\"@id\":\"https:\/\/glamsantcugat.com\/es\/producte\/vacuslim\/#primaryimage\",\"url\":\"https:\/\/glamsantcugat.com\/wp-content\/uploads\/2024\/10\/AbdomenN4d-818x1024-1.jpg\",\"contentUrl\":\"https:\/\/glamsantcugat.com\/wp-content\/uploads\/2024\/10\/AbdomenN4d-818x1024-1.jpg\",\"width\":818,\"height\":1024},{\"@type\":\"BreadcrumbList\",\"@id\":\"https:\/\/glamsantcugat.com\/es\/producte\/vacuslim\/#breadcrumb\",\"itemListElement\":[{\"@type\":\"ListItem\",\"position\":1,\"name\":\"Portada\",\"item\":\"https:\/\/glamsantcugat.com\/es\/\"},{\"@type\":\"ListItem\",\"position\":2,\"name\":\"Botiga\",\"item\":\"https:\/\/glamsantcugat.com\/botiga\/\"},{\"@type\":\"ListItem\",\"position\":3,\"name\":\"Vacuslim 48\"}]},{\"@type\":\"WebSite\",\"@id\":\"https:\/\/glamsantcugat.com\/es\/#website\",\"url\":\"https:\/\/glamsantcugat.com\/es\/\",\"name\":\"Glam Beauty Studio\",\"description\":\"Centro de est\u00e9tica en Sant Cugat!\",\"publisher\":{\"@id\":\"https:\/\/glamsantcugat.com\/es\/#organization\"},\"alternateName\":\"Centro de est\u00e9tica en Sant Cugat\",\"potentialAction\":[{\"@type\":\"SearchAction\",\"target\":{\"@type\":\"EntryPoint\",\"urlTemplate\":\"https:\/\/glamsantcugat.com\/es\/?s={search_term_string}\"},\"query-input\":{\"@type\":\"PropertyValueSpecification\",\"valueRequired\":true,\"valueName\":\"search_term_string\"}}],\"inLanguage\":\"es\"},{\"@type\":\"Organization\",\"@id\":\"https:\/\/glamsantcugat.com\/es\/#organization\",\"name\":\"Glam Beauty Studio\",\"alternateName\":\"Glam Sant Cugat\",\"url\":\"https:\/\/glamsantcugat.com\/es\/\",\"logo\":{\"@type\":\"ImageObject\",\"inLanguage\":\"es\",\"@id\":\"https:\/\/glamsantcugat.com\/es\/#\/schema\/logo\/image\/\",\"url\":\"https:\/\/glamsantcugat.com\/wp-content\/uploads\/2024\/02\/logo-glam-beauty-studio-sant-cugat-light.svg\",\"contentUrl\":\"https:\/\/glamsantcugat.com\/wp-content\/uploads\/2024\/02\/logo-glam-beauty-studio-sant-cugat-light.svg\",\"width\":1,\"height\":1,\"caption\":\"Glam Beauty Studio\"},\"image\":{\"@id\":\"https:\/\/glamsantcugat.com\/es\/#\/schema\/logo\/image\/\"},\"sameAs\":[\"https:\/\/www.instagram.com\/glamsantcugat\/\"]}]}<\/script>\n<!-- \/ Yoast SEO plugin. -->","yoast_head_json":{"title":"Vacuslim 48 | Glam Beauty Studio","robots":{"index":"index","follow":"follow","max-snippet":"max-snippet:-1","max-image-preview":"max-image-preview:large","max-video-preview":"max-video-preview:-1"},"canonical":"https:\/\/glamsantcugat.com\/es\/producte\/vacuslim\/","og_locale":"es_ES","og_type":"article","og_title":"Vacuslim 48 | Glam Beauty Studio","og_description":"El Tratamiento Corporal Vacuslim 48 es una t\u00e9cnica avanzada no invasiva que combina productos reductores con terapia al vac\u00edo para lograr una notable reducci\u00f3n de medidas, combatir la celulitis y mejorar la firmeza de la piel desde la primera sesi\u00f3n. A trav\u00e9s de la succi\u00f3n controlada, el tratamiento activa el metabolismo celular, promoviendo la quema de grasa localizada, el drenaje linf\u00e1tico y la eliminaci\u00f3n de toxinas. Adem\u00e1s de reducir cent\u00edmetros, mejora la textura de la piel, alisando y tonific\u00e1ndola gracias a la estimulaci\u00f3n de col\u00e1geno y elastina. Beneficios del Vacuslim 48: Reducci\u00f3n inmediata de medidas y celulitis. Mejora la circulaci\u00f3n y facilita el drenaje linf\u00e1tico. Piel m\u00e1s firme, tonificada y con mejor elasticidad. Resultados visibles desde la primera sesi\u00f3n. Este tratamiento es ideal para quienes buscan una soluci\u00f3n r\u00e1pida y efectiva para moldear el cuerpo, mejorar la apariencia de la piel y lograr un aspecto m\u00e1s firme y rejuvenecido sin recurrir a m\u00e9todos invasivos.","og_url":"https:\/\/glamsantcugat.com\/es\/producte\/vacuslim\/","og_site_name":"Glam Beauty Studio","article_modified_time":"2025-04-25T14:59:33+00:00","og_image":[{"width":818,"height":1024,"url":"https:\/\/glamsantcugat.com\/wp-content\/uploads\/2024\/10\/AbdomenN4d-818x1024-1.jpg","type":"image\/jpeg"}],"twitter_card":"summary_large_image","schema":{"@context":"https:\/\/schema.org","@graph":[{"@type":"WebPage","@id":"https:\/\/glamsantcugat.com\/es\/producte\/vacuslim\/","url":"https:\/\/glamsantcugat.com\/es\/producte\/vacuslim\/","name":"Vacuslim 48 | Glam Beauty Studio","isPartOf":{"@id":"https:\/\/glamsantcugat.com\/es\/#website"},"primaryImageOfPage":{"@id":"https:\/\/glamsantcugat.com\/es\/producte\/vacuslim\/#primaryimage"},"image":{"@id":"https:\/\/glamsantcugat.com\/es\/producte\/vacuslim\/#primaryimage"},"thumbnailUrl":"https:\/\/glamsantcugat.com\/wp-content\/uploads\/2024\/10\/AbdomenN4d-818x1024-1.jpg","datePublished":"2025-04-25T14:09:23+00:00","dateModified":"2025-04-25T14:59:33+00:00","breadcrumb":{"@id":"https:\/\/glamsantcugat.com\/es\/producte\/vacuslim\/#breadcrumb"},"inLanguage":"es","potentialAction":[{"@type":"ReadAction","target":["https:\/\/glamsantcugat.com\/es\/producte\/vacuslim\/"]}]},{"@type":"ImageObject","inLanguage":"es","@id":"https:\/\/glamsantcugat.com\/es\/producte\/vacuslim\/#primaryimage","url":"https:\/\/glamsantcugat.com\/wp-content\/uploads\/2024\/10\/AbdomenN4d-818x1024-1.jpg","contentUrl":"https:\/\/glamsantcugat.com\/wp-content\/uploads\/2024\/10\/AbdomenN4d-818x1024-1.jpg","width":818,"height":1024},{"@type":"BreadcrumbList","@id":"https:\/\/glamsantcugat.com\/es\/producte\/vacuslim\/#breadcrumb","itemListElement":[{"@type":"ListItem","position":1,"name":"Portada","item":"https:\/\/glamsantcugat.com\/es\/"},{"@type":"ListItem","position":2,"name":"Botiga","item":"https:\/\/glamsantcugat.com\/botiga\/"},{"@type":"ListItem","position":3,"name":"Vacuslim 48"}]},{"@type":"WebSite","@id":"https:\/\/glamsantcugat.com\/es\/#website","url":"https:\/\/glamsantcugat.com\/es\/","name":"Glam Beauty Studio","description":"Centro de est\u00e9tica en Sant Cugat!","publisher":{"@id":"https:\/\/glamsantcugat.com\/es\/#organization"},"alternateName":"Centro de est\u00e9tica en Sant Cugat","potentialAction":[{"@type":"SearchAction","target":{"@type":"EntryPoint","urlTemplate":"https:\/\/glamsantcugat.com\/es\/?s={search_term_string}"},"query-input":{"@type":"PropertyValueSpecification","valueRequired":true,"valueName":"search_term_string"}}],"inLanguage":"es"},{"@type":"Organization","@id":"https:\/\/glamsantcugat.com\/es\/#organization","name":"Glam Beauty Studio","alternateName":"Glam Sant Cugat","url":"https:\/\/glamsantcugat.com\/es\/","logo":{"@type":"ImageObject","inLanguage":"es","@id":"https:\/\/glamsantcugat.com\/es\/#\/schema\/logo\/image\/","url":"https:\/\/glamsantcugat.com\/wp-content\/uploads\/2024\/02\/logo-glam-beauty-studio-sant-cugat-light.svg","contentUrl":"https:\/\/glamsantcugat.com\/wp-content\/uploads\/2024\/02\/logo-glam-beauty-studio-sant-cugat-light.svg","width":1,"height":1,"caption":"Glam Beauty Studio"},"image":{"@id":"https:\/\/glamsantcugat.com\/es\/#\/schema\/logo\/image\/"},"sameAs":["https:\/\/www.instagram.com\/glamsantcugat\/"]}]}},"_links":{"self":[{"href":"https:\/\/glamsantcugat.com\/es\/wp-json\/wp\/v2\/product\/132562","targetHints":{"allow":["GET"]}}],"collection":[{"href":"https:\/\/glamsantcugat.com\/es\/wp-json\/wp\/v2\/product"}],"about":[{"href":"https:\/\/glamsantcugat.com\/es\/wp-json\/wp\/v2\/types\/product"}],"replies":[{"embeddable":true,"href":"https:\/\/glamsantcugat.com\/es\/wp-json\/wp\/v2\/comments?post=132562"}],"wp:featuredmedia":[{"embeddable":true,"href":"https:\/\/glamsantcugat.com\/es\/wp-json\/wp\/v2\/media\/131981"}],"wp:attachment":[{"href":"https:\/\/glamsantcugat.com\/es\/wp-json\/wp\/v2\/media?parent=132562"}],"wp:term":[{"taxonomy":"product_brand","embeddable":true,"href":"https:\/\/glamsantcugat.com\/es\/wp-json\/wp\/v2\/product_brand?post=132562"},{"taxonomy":"product_cat","embeddable":true,"href":"https:\/\/glamsantcugat.com\/es\/wp-json\/wp\/v2\/product_cat?post=132562"},{"taxonomy":"product_tag","embeddable":true,"href":"https:\/\/glamsantcugat.com\/es\/wp-json\/wp\/v2\/product_tag?post=132562"}],"curies":[{"name":"wp","href":"https:\/\/api.w.org\/{rel}","templated":true}]}}