{"id":132556,"date":"2025-04-25T16:09:23","date_gmt":"2025-04-25T14:09:23","guid":{"rendered":"https:\/\/glamsantcugat.com\/producte\/acu-energy-natura-bisse\/"},"modified":"2025-04-25T16:59:32","modified_gmt":"2025-04-25T14:59:32","slug":"acu-energy-natura-bisse","status":"publish","type":"product","link":"https:\/\/glamsantcugat.com\/es\/producte\/acu-energy-natura-bisse\/","title":{"rendered":"Acu-energy de Natura Biss\u00e9"},"content":{"rendered":"","protected":false},"excerpt":{"rendered":"<p>El tratamiento Diamond Aqua Energy de Natura Biss\u00e9 combina la sofisticaci\u00f3n de la l\u00ednea Diamond con una acci\u00f3n hidratante, energizante y revitalizante intensiva. Este ritual de lujo comienza con una limpieza profunda y una exfoliaci\u00f3n para renovar la piel, seguida de la aplicaci\u00f3n de activos de \u00faltima generaci\u00f3n como \u00e1cido hialur\u00f3nico, minerales esenciales y el complejo energizante Diamond. El tratamiento rehidrata las capas profundas de la piel, mejora su resistencia y aporta una luminosidad inmediata. Est\u00e1 especialmente indicado para pieles apagadas, deshidratadas o con signos de fatiga. La piel se muestra m\u00e1s lisa, firme, radiante y llena de vida. Una experiencia facial de bienestar con resultados visibles desde la primera sesi\u00f3n.<\/p>\n","protected":false},"featured_media":132212,"comment_status":"closed","ping_status":"closed","template":"","meta":[],"product_brand":[],"product_cat":[169],"product_tag":[],"class_list":{"0":"post-132556","1":"product","2":"type-product","3":"status-publish","4":"has-post-thumbnail","6":"product_cat-tratamiento-facial","8":"first","9":"instock","10":"downloadable","11":"virtual","12":"purchasable","13":"product-type-simple"},"yoast_head":"<!-- This site is optimized with the Yoast SEO plugin v26.7 - https:\/\/yoast.com\/wordpress\/plugins\/seo\/ -->\n<title>Acu-energy de Natura Biss\u00e9 | Glam Beauty Studio<\/title>\n<meta name=\"robots\" content=\"index, follow, max-snippet:-1, max-image-preview:large, max-video-preview:-1\" \/>\n<link rel=\"canonical\" href=\"https:\/\/glamsantcugat.com\/es\/producte\/acu-energy-natura-bisse\/\" \/>\n<meta property=\"og:locale\" content=\"es_ES\" \/>\n<meta property=\"og:type\" content=\"article\" \/>\n<meta property=\"og:title\" content=\"Acu-energy de Natura Biss\u00e9 | Glam Beauty Studio\" \/>\n<meta property=\"og:description\" content=\"El tratamiento Diamond Aqua Energy de Natura Biss\u00e9 combina la sofisticaci\u00f3n de la l\u00ednea Diamond con una acci\u00f3n hidratante, energizante y revitalizante intensiva. Este ritual de lujo comienza con una limpieza profunda y una exfoliaci\u00f3n para renovar la piel, seguida de la aplicaci\u00f3n de activos de \u00faltima generaci\u00f3n como \u00e1cido hialur\u00f3nico, minerales esenciales y el complejo energizante Diamond. El tratamiento rehidrata las capas profundas de la piel, mejora su resistencia y aporta una luminosidad inmediata. Est\u00e1 especialmente indicado para pieles apagadas, deshidratadas o con signos de fatiga. La piel se muestra m\u00e1s lisa, firme, radiante y llena de vida. Una experiencia facial de bienestar con resultados visibles desde la primera sesi\u00f3n.\" \/>\n<meta property=\"og:url\" content=\"https:\/\/glamsantcugat.com\/es\/producte\/acu-energy-natura-bisse\/\" \/>\n<meta property=\"og:site_name\" content=\"Glam Beauty Studio\" \/>\n<meta property=\"article:modified_time\" content=\"2025-04-25T14:59:32+00:00\" \/>\n<meta property=\"og:image\" content=\"https:\/\/glamsantcugat.com\/wp-content\/uploads\/2025\/04\/17405900442594.webp\" \/>\n\t<meta property=\"og:image:width\" content=\"1200\" \/>\n\t<meta property=\"og:image:height\" content=\"900\" \/>\n\t<meta property=\"og:image:type\" content=\"image\/webp\" \/>\n<meta name=\"twitter:card\" content=\"summary_large_image\" \/>\n<script type=\"application\/ld+json\" class=\"yoast-schema-graph\">{\"@context\":\"https:\/\/schema.org\",\"@graph\":[{\"@type\":\"WebPage\",\"@id\":\"https:\/\/glamsantcugat.com\/es\/producte\/acu-energy-natura-bisse\/\",\"url\":\"https:\/\/glamsantcugat.com\/es\/producte\/acu-energy-natura-bisse\/\",\"name\":\"Acu-energy de Natura Biss\u00e9 | Glam Beauty Studio\",\"isPartOf\":{\"@id\":\"https:\/\/glamsantcugat.com\/es\/#website\"},\"primaryImageOfPage\":{\"@id\":\"https:\/\/glamsantcugat.com\/es\/producte\/acu-energy-natura-bisse\/#primaryimage\"},\"image\":{\"@id\":\"https:\/\/glamsantcugat.com\/es\/producte\/acu-energy-natura-bisse\/#primaryimage\"},\"thumbnailUrl\":\"https:\/\/glamsantcugat.com\/wp-content\/uploads\/2025\/04\/17405900442594.webp\",\"datePublished\":\"2025-04-25T14:09:23+00:00\",\"dateModified\":\"2025-04-25T14:59:32+00:00\",\"breadcrumb\":{\"@id\":\"https:\/\/glamsantcugat.com\/es\/producte\/acu-energy-natura-bisse\/#breadcrumb\"},\"inLanguage\":\"es\",\"potentialAction\":[{\"@type\":\"ReadAction\",\"target\":[\"https:\/\/glamsantcugat.com\/es\/producte\/acu-energy-natura-bisse\/\"]}]},{\"@type\":\"ImageObject\",\"inLanguage\":\"es\",\"@id\":\"https:\/\/glamsantcugat.com\/es\/producte\/acu-energy-natura-bisse\/#primaryimage\",\"url\":\"https:\/\/glamsantcugat.com\/wp-content\/uploads\/2025\/04\/17405900442594.webp\",\"contentUrl\":\"https:\/\/glamsantcugat.com\/wp-content\/uploads\/2025\/04\/17405900442594.webp\",\"width\":1200,\"height\":900},{\"@type\":\"BreadcrumbList\",\"@id\":\"https:\/\/glamsantcugat.com\/es\/producte\/acu-energy-natura-bisse\/#breadcrumb\",\"itemListElement\":[{\"@type\":\"ListItem\",\"position\":1,\"name\":\"Portada\",\"item\":\"https:\/\/glamsantcugat.com\/es\/\"},{\"@type\":\"ListItem\",\"position\":2,\"name\":\"Botiga\",\"item\":\"https:\/\/glamsantcugat.com\/botiga\/\"},{\"@type\":\"ListItem\",\"position\":3,\"name\":\"Acu-energy de Natura Biss\u00e9\"}]},{\"@type\":\"WebSite\",\"@id\":\"https:\/\/glamsantcugat.com\/es\/#website\",\"url\":\"https:\/\/glamsantcugat.com\/es\/\",\"name\":\"Glam Beauty Studio\",\"description\":\"Centro de est\u00e9tica en Sant Cugat!\",\"publisher\":{\"@id\":\"https:\/\/glamsantcugat.com\/es\/#organization\"},\"alternateName\":\"Centro de est\u00e9tica en Sant Cugat\",\"potentialAction\":[{\"@type\":\"SearchAction\",\"target\":{\"@type\":\"EntryPoint\",\"urlTemplate\":\"https:\/\/glamsantcugat.com\/es\/?s={search_term_string}\"},\"query-input\":{\"@type\":\"PropertyValueSpecification\",\"valueRequired\":true,\"valueName\":\"search_term_string\"}}],\"inLanguage\":\"es\"},{\"@type\":\"Organization\",\"@id\":\"https:\/\/glamsantcugat.com\/es\/#organization\",\"name\":\"Glam Beauty Studio\",\"alternateName\":\"Glam Sant Cugat\",\"url\":\"https:\/\/glamsantcugat.com\/es\/\",\"logo\":{\"@type\":\"ImageObject\",\"inLanguage\":\"es\",\"@id\":\"https:\/\/glamsantcugat.com\/es\/#\/schema\/logo\/image\/\",\"url\":\"https:\/\/glamsantcugat.com\/wp-content\/uploads\/2024\/02\/logo-glam-beauty-studio-sant-cugat-light.svg\",\"contentUrl\":\"https:\/\/glamsantcugat.com\/wp-content\/uploads\/2024\/02\/logo-glam-beauty-studio-sant-cugat-light.svg\",\"width\":1,\"height\":1,\"caption\":\"Glam Beauty Studio\"},\"image\":{\"@id\":\"https:\/\/glamsantcugat.com\/es\/#\/schema\/logo\/image\/\"},\"sameAs\":[\"https:\/\/www.instagram.com\/glamsantcugat\/\"]}]}<\/script>\n<!-- \/ Yoast SEO plugin. -->","yoast_head_json":{"title":"Acu-energy de Natura Biss\u00e9 | Glam Beauty Studio","robots":{"index":"index","follow":"follow","max-snippet":"max-snippet:-1","max-image-preview":"max-image-preview:large","max-video-preview":"max-video-preview:-1"},"canonical":"https:\/\/glamsantcugat.com\/es\/producte\/acu-energy-natura-bisse\/","og_locale":"es_ES","og_type":"article","og_title":"Acu-energy de Natura Biss\u00e9 | Glam Beauty Studio","og_description":"El tratamiento Diamond Aqua Energy de Natura Biss\u00e9 combina la sofisticaci\u00f3n de la l\u00ednea Diamond con una acci\u00f3n hidratante, energizante y revitalizante intensiva. Este ritual de lujo comienza con una limpieza profunda y una exfoliaci\u00f3n para renovar la piel, seguida de la aplicaci\u00f3n de activos de \u00faltima generaci\u00f3n como \u00e1cido hialur\u00f3nico, minerales esenciales y el complejo energizante Diamond. El tratamiento rehidrata las capas profundas de la piel, mejora su resistencia y aporta una luminosidad inmediata. Est\u00e1 especialmente indicado para pieles apagadas, deshidratadas o con signos de fatiga. La piel se muestra m\u00e1s lisa, firme, radiante y llena de vida. Una experiencia facial de bienestar con resultados visibles desde la primera sesi\u00f3n.","og_url":"https:\/\/glamsantcugat.com\/es\/producte\/acu-energy-natura-bisse\/","og_site_name":"Glam Beauty Studio","article_modified_time":"2025-04-25T14:59:32+00:00","og_image":[{"width":1200,"height":900,"url":"https:\/\/glamsantcugat.com\/wp-content\/uploads\/2025\/04\/17405900442594.webp","type":"image\/webp"}],"twitter_card":"summary_large_image","schema":{"@context":"https:\/\/schema.org","@graph":[{"@type":"WebPage","@id":"https:\/\/glamsantcugat.com\/es\/producte\/acu-energy-natura-bisse\/","url":"https:\/\/glamsantcugat.com\/es\/producte\/acu-energy-natura-bisse\/","name":"Acu-energy de Natura Biss\u00e9 | Glam Beauty Studio","isPartOf":{"@id":"https:\/\/glamsantcugat.com\/es\/#website"},"primaryImageOfPage":{"@id":"https:\/\/glamsantcugat.com\/es\/producte\/acu-energy-natura-bisse\/#primaryimage"},"image":{"@id":"https:\/\/glamsantcugat.com\/es\/producte\/acu-energy-natura-bisse\/#primaryimage"},"thumbnailUrl":"https:\/\/glamsantcugat.com\/wp-content\/uploads\/2025\/04\/17405900442594.webp","datePublished":"2025-04-25T14:09:23+00:00","dateModified":"2025-04-25T14:59:32+00:00","breadcrumb":{"@id":"https:\/\/glamsantcugat.com\/es\/producte\/acu-energy-natura-bisse\/#breadcrumb"},"inLanguage":"es","potentialAction":[{"@type":"ReadAction","target":["https:\/\/glamsantcugat.com\/es\/producte\/acu-energy-natura-bisse\/"]}]},{"@type":"ImageObject","inLanguage":"es","@id":"https:\/\/glamsantcugat.com\/es\/producte\/acu-energy-natura-bisse\/#primaryimage","url":"https:\/\/glamsantcugat.com\/wp-content\/uploads\/2025\/04\/17405900442594.webp","contentUrl":"https:\/\/glamsantcugat.com\/wp-content\/uploads\/2025\/04\/17405900442594.webp","width":1200,"height":900},{"@type":"BreadcrumbList","@id":"https:\/\/glamsantcugat.com\/es\/producte\/acu-energy-natura-bisse\/#breadcrumb","itemListElement":[{"@type":"ListItem","position":1,"name":"Portada","item":"https:\/\/glamsantcugat.com\/es\/"},{"@type":"ListItem","position":2,"name":"Botiga","item":"https:\/\/glamsantcugat.com\/botiga\/"},{"@type":"ListItem","position":3,"name":"Acu-energy de Natura Biss\u00e9"}]},{"@type":"WebSite","@id":"https:\/\/glamsantcugat.com\/es\/#website","url":"https:\/\/glamsantcugat.com\/es\/","name":"Glam Beauty Studio","description":"Centro de est\u00e9tica en Sant Cugat!","publisher":{"@id":"https:\/\/glamsantcugat.com\/es\/#organization"},"alternateName":"Centro de est\u00e9tica en Sant Cugat","potentialAction":[{"@type":"SearchAction","target":{"@type":"EntryPoint","urlTemplate":"https:\/\/glamsantcugat.com\/es\/?s={search_term_string}"},"query-input":{"@type":"PropertyValueSpecification","valueRequired":true,"valueName":"search_term_string"}}],"inLanguage":"es"},{"@type":"Organization","@id":"https:\/\/glamsantcugat.com\/es\/#organization","name":"Glam Beauty Studio","alternateName":"Glam Sant Cugat","url":"https:\/\/glamsantcugat.com\/es\/","logo":{"@type":"ImageObject","inLanguage":"es","@id":"https:\/\/glamsantcugat.com\/es\/#\/schema\/logo\/image\/","url":"https:\/\/glamsantcugat.com\/wp-content\/uploads\/2024\/02\/logo-glam-beauty-studio-sant-cugat-light.svg","contentUrl":"https:\/\/glamsantcugat.com\/wp-content\/uploads\/2024\/02\/logo-glam-beauty-studio-sant-cugat-light.svg","width":1,"height":1,"caption":"Glam Beauty Studio"},"image":{"@id":"https:\/\/glamsantcugat.com\/es\/#\/schema\/logo\/image\/"},"sameAs":["https:\/\/www.instagram.com\/glamsantcugat\/"]}]}},"_links":{"self":[{"href":"https:\/\/glamsantcugat.com\/es\/wp-json\/wp\/v2\/product\/132556","targetHints":{"allow":["GET"]}}],"collection":[{"href":"https:\/\/glamsantcugat.com\/es\/wp-json\/wp\/v2\/product"}],"about":[{"href":"https:\/\/glamsantcugat.com\/es\/wp-json\/wp\/v2\/types\/product"}],"replies":[{"embeddable":true,"href":"https:\/\/glamsantcugat.com\/es\/wp-json\/wp\/v2\/comments?post=132556"}],"wp:featuredmedia":[{"embeddable":true,"href":"https:\/\/glamsantcugat.com\/es\/wp-json\/wp\/v2\/media\/132212"}],"wp:attachment":[{"href":"https:\/\/glamsantcugat.com\/es\/wp-json\/wp\/v2\/media?parent=132556"}],"wp:term":[{"taxonomy":"product_brand","embeddable":true,"href":"https:\/\/glamsantcugat.com\/es\/wp-json\/wp\/v2\/product_brand?post=132556"},{"taxonomy":"product_cat","embeddable":true,"href":"https:\/\/glamsantcugat.com\/es\/wp-json\/wp\/v2\/product_cat?post=132556"},{"taxonomy":"product_tag","embeddable":true,"href":"https:\/\/glamsantcugat.com\/es\/wp-json\/wp\/v2\/product_tag?post=132556"}],"curies":[{"name":"wp","href":"https:\/\/api.w.org\/{rel}","templated":true}]}}